{"id":6,"date":"2022-12-25T14:05:04","date_gmt":"2022-12-25T14:05:04","guid":{"rendered":"https:\/\/youngviesions.com\/?page_id=6"},"modified":"2022-12-25T14:05:05","modified_gmt":"2022-12-25T14:05:05","slug":"der-ultimative-esports-wettfuhrer-fur-2022","status":"publish","type":"page","link":"https:\/\/youngviesions.com\/","title":{"rendered":"Der ultimative eSports-Wettf\u00fchrer f\u00fcr 2022"},"content":{"rendered":"\n<figure class=\"wp-block-image size-full\"><img loading=\"lazy\" width=\"768\" height=\"576\" src=\"https:\/\/youngviesions.com\/wp-content\/uploads\/2022\/12\/cbd3f461eaa9e3fc9577cefadfe0f443e6029c0c.jpeg\" alt=\"\" class=\"wp-image-7\" srcset=\"https:\/\/youngviesions.com\/wp-content\/uploads\/2022\/12\/cbd3f461eaa9e3fc9577cefadfe0f443e6029c0c.jpeg 768w, https:\/\/youngviesions.com\/wp-content\/uploads\/2022\/12\/cbd3f461eaa9e3fc9577cefadfe0f443e6029c0c-300x225.jpeg 300w\" sizes=\"(max-width: 768px) 100vw, 768px\" \/><\/figure>\n\n\n\n<p>eSports gibt es schon seit einiger Zeit, aber in den letzten Jahren haben sie massiv an Popularit\u00e4t gewonnen. Die Branche ist noch neu und hat in den letzten zehn Jahren exponentiell zugenommen. Experten gehen davon aus, dass die eSports-Branche bis 2020 die Einnahmen des Profifu\u00dfballs \u00fcbertreffen wird.<\/p>\n\n\n\n<p>eSports ist ein Wettbewerb, bei dem Menschen Videospiele gegeneinander spielen und die Ergebnisse verfolgt und ausgewertet werden. Wie bei jeder anderen Sportart wird auf diese Spiele gewettet, wobei sich die Quoten je nach Spieler und verwendetem Spielsystem \u00e4ndern.<\/p>\n\n\n\n<p>Ein eSport-Match ist in der Regel ein Best-of-a-Series-Spiel, das mit denselben Gegnern gespielt wird. E-Matches pr\u00e4sentieren sich in der Regel als Multiplayer-Videospiel, bei dem die Teilnehmer Steuerpulte bedienen und ihre Befehle an animierte Figuren statt an andere Menschen auf dem Bildschirm geben.<\/p>\n\n\n\n<p>eSports gibt es seit mehr als 20 Jahren und \u00e4hnelt den traditionellen Sportarten wie Fu\u00dfball oder Basketball, nur dass sie online stattfinden. Genau wie bei traditionellen Sportwetten wetten die Menschen auch auf eSports-Wettbewerbe und verdienen damit Geld.<\/p>\n\n\n\n<h2>Arten von Wetten im eSports mit Quotenvergleich<\/h2>\n\n\n\n<figure class=\"wp-block-image size-full\"><img loading=\"lazy\" width=\"900\" height=\"458\" src=\"https:\/\/youngviesions.com\/wp-content\/uploads\/2022\/12\/analitika-v-bettinge-i-sbor-informatsii.jpg\" alt=\"\" class=\"wp-image-8\" srcset=\"https:\/\/youngviesions.com\/wp-content\/uploads\/2022\/12\/analitika-v-bettinge-i-sbor-informatsii.jpg 900w, https:\/\/youngviesions.com\/wp-content\/uploads\/2022\/12\/analitika-v-bettinge-i-sbor-informatsii-300x153.jpg 300w, https:\/\/youngviesions.com\/wp-content\/uploads\/2022\/12\/analitika-v-bettinge-i-sbor-informatsii-768x391.jpg 768w\" sizes=\"(max-width: 900px) 100vw, 900px\" \/><\/figure>\n\n\n\n<p>Wir werden uns die verschiedenen Arten von Wetten f\u00fcr esports-Spiele, ihre Quoten und Schlussfolgerungen ansehen.<\/p>\n\n\n\n<p>Es gibt 3 Arten von Wetten f\u00fcr eSports: Einzelwetten, Turnierwetten und Profiwetten.<\/p>\n\n\n\n<p><br>Einzelwetten sind genau das &#8211; eine Wette auf ein einzelnes Spiel. Die Quoten h\u00e4ngen von den Mannschaften, die an dem Ereignis teilnehmen, und dem Ergebnis ab. Die Wetten auf Turniere sind komplexer, da mehrere Spiele gleichzeitig stattfinden und Sie vorhersagen m\u00fcssen, welches Team alle Spiele gewinnen wird, um den gew\u00fcnschten Gewinn zu erzielen. Pro Gaming bietet eine Reihe von Wetten auf Spieler oder Mannschaften an, z. B. Handicap-Wetten, Kartenwetten, Champion-Champion-\u00dcber-\/Unterwetten usw.<\/p>\n\n\n\n<h2>Wettmethoden f\u00fcr E-Sports<\/h2>\n\n\n\n<p>Es gibt viele Arten von Wetten, die auf eSports-Spiele platziert werden k\u00f6nnen. Diese Wettarten unterscheiden sich in der H\u00f6he des Risikos, das Sie eingehen.<\/p>\n\n\n\n<p>In diesem Abschnitt geht es um die h\u00e4ufigste Wettart, die Direktwette. Dar\u00fcber hinaus werden wir auch einige andere g\u00e4ngige Wettarten im eSport auflisten und die verschiedenen Quoten f\u00fcr jede Wettart vergleichen.<\/p>\n\n\n\n<p>Eine Direktwette ist zum Beispiel eine einfache Wette, bei der Sie vorhersagen, welche Mannschaft oder welcher Spieler das Spiel gewinnt, wer mehr Punkte erzielt, oder andere Varianten wie die Vorhersage eines Ergebnisses einschlie\u00dflich der W\u00e4hrung der Mannschaft, der gespielten Karte usw. Bei Sportwetten mit Live-Quoten k\u00f6nnen diese Wetten von den Nutzern platziert werden, und sie bieten in der Regel h\u00f6here Quoten als Wettseiten ohne Live-Quoten, da sie die sich w\u00e4hrend eines Spiels \u00e4ndernden Situationen ber\u00fccksichtigen m\u00fcssen, z. B. die verbleibende Spielzeit, wer im Ballbesitz ist usw.<\/p>\n\n\n\n<h2>Die Wahl des richtigen Buchmachers f\u00fcr Ihre Wettbed\u00fcrfnisse<\/h2>\n\n\n\n<p>Ich werde nun die Vorteile von Wetten auf verschiedenen Plattformen er\u00f6rtern.<\/p>\n\n\n\n<p>Viele Menschen fragen sich, ob sie auf ein bestimmtes Sportereignis wetten sollten und welches der beste Sportwettenanbieter daf\u00fcr ist. Es gibt viele Faktoren, die diese Entscheidung beeinflussen, aber wir werden versuchen, diese Fragen zu beantworten, indem wir den richtigen Buchmacher f\u00fcr Ihre Wettbed\u00fcrfnisse aussuchen.<\/p>\n\n\n\n<p>Um herauszufinden, welcher Buchmacher f\u00fcr Sie am besten geeignet ist, sollten Sie Ihre Priorit\u00e4ten in dieser Reihenfolge auflisten und entscheiden, welche Option f\u00fcr Sie die bessere ist:<\/p>\n\n\n\n<ul><li>Hohe oder niedrige Mindesteinlage<\/li><li>Sicherheit oder weiteres Risiko<\/li><li>Hohe oder niedrige Quoten<\/li><li>Wettlimits und Einschr\u00e4nkungen<\/li><\/ul>\n\n\n\n<h2>Fazit &amp; Tipps f\u00fcr erfolgreiche Wetten<\/h2>\n\n\n\n<p>Sie haben es bis zum Ende dieses Leitfadens geschafft, herzlichen Gl\u00fcckwunsch! Wir hoffen, dass Sie die Informationen \u00fcber Wetten auf esports n\u00fctzlich fanden. Mit diesem Leitfaden sollten Sie wissen, wie Sie die beste esports-Wettseite f\u00fcr Ihre Bed\u00fcrfnisse finden und auch ein besseres Verst\u00e4ndnis daf\u00fcr haben, was auf den verschiedenen Ebenen des esport-Wettbewerbs vor sich geht.<\/p>\n\n\n\n<h2>Viel Gl\u00fcck und viel Spa\u00df beim Wetten!<\/h2>\n\n\n\n<p>Es gibt viele M\u00f6glichkeiten, wie Wettende mit esports-Wetten Geld gewinnen k\u00f6nnen. Zum einen k\u00f6nnen sie auf der Grundlage ihres Wissens oder ihrer Recherche \u00fcber ein Ereignis richtig wetten. Die andere ist, dass sie einen Dienst wie Espresso Analytics nutzen, der ihnen Wetten entsprechend ihrem Wissen und ihren Vorlieben anbietet.<\/p>\n","protected":false},"excerpt":{"rendered":"<p>eSports gibt es schon seit einiger Zeit, aber in den letzten Jahren haben sie massiv an Popularit\u00e4t gewonnen. Die Branche ist noch neu und hat<\/p>\n","protected":false},"author":1,"featured_media":0,"parent":0,"menu_order":0,"comment_status":"closed","ping_status":"closed","template":"","meta":[],"aioseo_notices":[],"_links":{"self":[{"href":"https:\/\/youngviesions.com\/index.php?rest_route=\/wp\/v2\/pages\/6"}],"collection":[{"href":"https:\/\/youngviesions.com\/index.php?rest_route=\/wp\/v2\/pages"}],"about":[{"href":"https:\/\/youngviesions.com\/index.php?rest_route=\/wp\/v2\/types\/page"}],"author":[{"embeddable":true,"href":"https:\/\/youngviesions.com\/index.php?rest_route=\/wp\/v2\/users\/1"}],"replies":[{"embeddable":true,"href":"https:\/\/youngviesions.com\/index.php?rest_route=%2Fwp%2Fv2%2Fcomments&post=6"}],"version-history":[{"count":1,"href":"https:\/\/youngviesions.com\/index.php?rest_route=\/wp\/v2\/pages\/6\/revisions"}],"predecessor-version":[{"id":9,"href":"https:\/\/youngviesions.com\/index.php?rest_route=\/wp\/v2\/pages\/6\/revisions\/9"}],"wp:attachment":[{"href":"https:\/\/youngviesions.com\/index.php?rest_route=%2Fwp%2Fv2%2Fmedia&parent=6"}],"curies":[{"name":"wp","href":"https:\/\/api.w.org\/{rel}","templated":true}]}}